{"id":7941,"date":"2020-08-07T09:15:35","date_gmt":"2020-08-07T09:15:35","guid":{"rendered":"https:\/\/www.nito.dk\/forside\/"},"modified":"2022-08-29T09:05:34","modified_gmt":"2022-08-29T07:05:34","slug":"forside","status":"publish","type":"page","link":"https:\/\/nito.wpdrift.dev\/fr\/","title":{"rendered":"La page d&#8217;accueil"},"content":{"rendered":"","protected":false},"excerpt":{"rendered":"","protected":false},"author":2,"featured_media":0,"parent":0,"menu_order":0,"comment_status":"closed","ping_status":"closed","template":"template-modules.blade.php","meta":{"_acf_changed":false,"_seopress_robots_primary_cat":"","_seopress_titles_title":"","_seopress_titles_desc":"NITO produit une large gamme de raccords \u00e9clair, de pistolets d&#039;irrigation et de rin\u00e7age, ainsi que des solutions syst\u00e8me pour le nettoyage.","_seopress_robots_index":"","_relevanssi_hide_post":"","_relevanssi_hide_content":"","_relevanssi_pin_for_all":"","_relevanssi_pin_keywords":"","_relevanssi_unpin_keywords":"","_relevanssi_related_keywords":"","_relevanssi_related_include_ids":"","_relevanssi_related_exclude_ids":"","_relevanssi_related_no_append":"","_relevanssi_related_not_related":"","_relevanssi_related_posts":"","_relevanssi_noindex_reason":"","footnotes":""},"class_list":["post-7941","page","type-page","status-publish","hentry"],"acf":[],"_links":{"self":[{"href":"https:\/\/nito.wpdrift.dev\/fr\/wp-json\/wp\/v2\/pages\/7941","targetHints":{"allow":["GET"]}}],"collection":[{"href":"https:\/\/nito.wpdrift.dev\/fr\/wp-json\/wp\/v2\/pages"}],"about":[{"href":"https:\/\/nito.wpdrift.dev\/fr\/wp-json\/wp\/v2\/types\/page"}],"author":[{"embeddable":true,"href":"https:\/\/nito.wpdrift.dev\/fr\/wp-json\/wp\/v2\/users\/2"}],"replies":[{"embeddable":true,"href":"https:\/\/nito.wpdrift.dev\/fr\/wp-json\/wp\/v2\/comments?post=7941"}],"version-history":[{"count":20,"href":"https:\/\/nito.wpdrift.dev\/fr\/wp-json\/wp\/v2\/pages\/7941\/revisions"}],"predecessor-version":[{"id":9278,"href":"https:\/\/nito.wpdrift.dev\/fr\/wp-json\/wp\/v2\/pages\/7941\/revisions\/9278"}],"wp:attachment":[{"href":"https:\/\/nito.wpdrift.dev\/fr\/wp-json\/wp\/v2\/media?parent=7941"}],"curies":[{"name":"wp","href":"https:\/\/api.w.org\/{rel}","templated":true}]}}